{"id":2102,"date":"2022-10-31T10:30:36","date_gmt":"2022-10-31T09:30:36","guid":{"rendered":"https:\/\/www.ouestparapente.com\/?page_id=2102"},"modified":"2025-04-18T19:28:40","modified_gmt":"2025-04-18T17:28:40","slug":"apprendre-a-voler","status":"publish","type":"page","link":"https:\/\/www.ouestparapente.com\/index.php\/apprendre-a-voler\/","title":{"rendered":"Apprendre \u00e0 voler"},"content":{"rendered":"\t\t<div data-elementor-type=\"wp-page\" data-elementor-id=\"2102\" class=\"elementor elementor-2102\">\n\t\t\t\t\t\t<section class=\"elementor-section elementor-top-section elementor-element elementor-element-5984169 elementor-section-boxed elementor-section-height-default elementor-section-height-default\" data-id=\"5984169\" data-element_type=\"section\" data-e-type=\"section\" data-settings=\"{&quot;background_background&quot;:&quot;classic&quot;}\">\n\t\t\t\t\t\t\t<div class=\"elementor-background-overlay\"><\/div>\n\t\t\t\t\t\t\t<div class=\"elementor-container elementor-column-gap-default\">\n\t\t\t\t\t<div class=\"elementor-column elementor-col-100 elementor-top-column elementor-element elementor-element-968b843\" data-id=\"968b843\" data-element_type=\"column\" data-e-type=\"column\">\n\t\t\t<div class=\"elementor-widget-wrap elementor-element-populated\">\n\t\t\t\t\t\t<div class=\"elementor-element elementor-element-cc35de0 elementor-widget elementor-widget-heading\" data-id=\"cc35de0\" data-element_type=\"widget\" data-e-type=\"widget\" data-widget_type=\"heading.default\">\n\t\t\t\t<div class=\"elementor-widget-container\">\n\t\t\t\t\t<h1 class=\"elementor-heading-title elementor-size-default\">Apprendre \u00e0 voler<\/h1>\t\t\t\t<\/div>\n\t\t\t\t<\/div>\n\t\t\t\t\t<\/div>\n\t\t<\/div>\n\t\t\t\t\t<\/div>\n\t\t<\/section>\n\t\t\t\t<section class=\"elementor-section elementor-top-section elementor-element elementor-element-4ede725 elementor-section-boxed elementor-section-height-default elementor-section-height-default\" data-id=\"4ede725\" data-element_type=\"section\" data-e-type=\"section\">\n\t\t\t\t\t\t<div class=\"elementor-container elementor-column-gap-default\">\n\t\t\t\t\t<div class=\"elementor-column elementor-col-50 elementor-top-column elementor-element elementor-element-9cf90a6\" data-id=\"9cf90a6\" data-element_type=\"column\" data-e-type=\"column\">\n\t\t\t<div class=\"elementor-widget-wrap elementor-element-populated\">\n\t\t\t\t\t\t<div class=\"elementor-element elementor-element-7317b34 elementor-widget elementor-widget-heading\" data-id=\"7317b34\" data-element_type=\"widget\" data-e-type=\"widget\" data-widget_type=\"heading.default\">\n\t\t\t\t<div class=\"elementor-widget-container\">\n\t\t\t\t\t<h3 class=\"elementor-heading-title elementor-size-default\">INITIATION\/PROGRESSION<\/h3>\t\t\t\t<\/div>\n\t\t\t\t<\/div>\n\t\t\t\t<div class=\"elementor-element elementor-element-ea87420 elementor-widget-divider--view-line elementor-widget elementor-widget-divider\" data-id=\"ea87420\" data-element_type=\"widget\" data-e-type=\"widget\" data-widget_type=\"divider.default\">\n\t\t\t\t<div class=\"elementor-widget-container\">\n\t\t\t\t\t\t\t<div class=\"elementor-divider\">\n\t\t\t<span class=\"elementor-divider-separator\">\n\t\t\t\t\t\t<\/span>\n\t\t<\/div>\n\t\t\t\t\t\t<\/div>\n\t\t\t\t<\/div>\n\t\t\t\t<div class=\"elementor-element elementor-element-6f2615e elementor-widget elementor-widget-text-editor\" data-id=\"6f2615e\" data-element_type=\"widget\" data-e-type=\"widget\" data-widget_type=\"text-editor.default\">\n\t\t\t\t<div class=\"elementor-widget-container\">\n\t\t\t\t\t\t\t\t\t<p>Vous souhaitez apprendre \u00e0 voler de vos propres ailes, nous sommes l\u00e0 pour vous accompagner dans votre formation.<\/p><p>L&rsquo;initiation consiste en l&rsquo;apprentissage des gestes techniques de base et les notions th\u00e9oriques permettant d&rsquo;acc\u00e9der au vol et de revenir au sol.<\/p>\t\t\t\t\t\t\t\t<\/div>\n\t\t\t\t<\/div>\n\t\t\t\t<div class=\"elementor-element elementor-element-4a41172 elementor-widget elementor-widget-text-editor\" data-id=\"4a41172\" data-element_type=\"widget\" data-e-type=\"widget\" data-widget_type=\"text-editor.default\">\n\t\t\t\t<div class=\"elementor-widget-container\">\n\t\t\t\t\t\t\t\t\t<p>Nous avons choisi de travailler dans le confort pour la qualit\u00e9 de nos prestations et la s\u00e9curit\u00e9 de nos stagiaires, cela se traduit sur le terrain de mani\u00e8re visible :<\/p><p>&#8211; En initiation nous accueillons un maximum de 3 stagiaires\u00a0 \u00a0 \u00a0 \u00a0 par moniteur.<br \/>&#8211; Notre parc de mat\u00e9riel est renouvel\u00e9 en permanence pour\u00a0 \u00a0 \u00a0 \u00a0 proposer un \u00e9quipement r\u00e9cent facilitant les\u00a0 \u00a0 \u00a0 \u00a0 \u00a0 \u00a0 \u00a0 \u00a0 \u00a0 \u00a0 \u00a0 \u00a0 \u00a0 \u00a0 \u00a0 \u00a0 apprentissages.<br \/>&#8211; Nous utilisons beaucoup le biplace p\u00e9dagogique pour transmettre les bases du pilotage \u00e0 nos stagiaires.<br \/>&#8211; Chaque stagiaire progresse \u00e0 son rythme.<\/p>\t\t\t\t\t\t\t\t<\/div>\n\t\t\t\t<\/div>\n\t\t\t\t\t<\/div>\n\t\t<\/div>\n\t\t\t\t<div class=\"elementor-column elementor-col-50 elementor-top-column elementor-element elementor-element-c18f06d\" data-id=\"c18f06d\" data-element_type=\"column\" data-e-type=\"column\">\n\t\t\t<div class=\"elementor-widget-wrap elementor-element-populated\">\n\t\t\t\t\t\t<div class=\"elementor-element elementor-element-b8cfd67 elementor-widget elementor-widget-image\" data-id=\"b8cfd67\" data-element_type=\"widget\" data-e-type=\"widget\" data-widget_type=\"image.default\">\n\t\t\t\t<div class=\"elementor-widget-container\">\n\t\t\t\t\t\t\t\t\t\t\t\t\t\t\t<img fetchpriority=\"high\" decoding=\"async\" width=\"2560\" height=\"1891\" src=\"https:\/\/www.ouestparapente.com\/wp-content\/uploads\/2022\/10\/Vol_cam-1.jpg\" class=\"attachment-full size-full wp-image-2055\" alt=\"\" srcset=\"https:\/\/www.ouestparapente.com\/wp-content\/uploads\/2022\/10\/Vol_cam-1.jpg 2560w, https:\/\/www.ouestparapente.com\/wp-content\/uploads\/2022\/10\/Vol_cam-1-300x222.jpg 300w, https:\/\/www.ouestparapente.com\/wp-content\/uploads\/2022\/10\/Vol_cam-1-1024x756.jpg 1024w, https:\/\/www.ouestparapente.com\/wp-content\/uploads\/2022\/10\/Vol_cam-1-768x567.jpg 768w, https:\/\/www.ouestparapente.com\/wp-content\/uploads\/2022\/10\/Vol_cam-1-1536x1135.jpg 1536w, https:\/\/www.ouestparapente.com\/wp-content\/uploads\/2022\/10\/Vol_cam-1-2048x1513.jpg 2048w\" sizes=\"(max-width: 2560px) 100vw, 2560px\" \/>\t\t\t\t\t\t\t\t\t\t\t\t\t\t\t<\/div>\n\t\t\t\t<\/div>\n\t\t\t\t\t<\/div>\n\t\t<\/div>\n\t\t\t\t\t<\/div>\n\t\t<\/section>\n\t\t\t\t<section class=\"elementor-section elementor-top-section elementor-element elementor-element-f286b54 elementor-section-boxed elementor-section-height-default elementor-section-height-default\" data-id=\"f286b54\" data-element_type=\"section\" data-e-type=\"section\">\n\t\t\t\t\t\t<div class=\"elementor-container elementor-column-gap-default\">\n\t\t\t\t\t<div class=\"elementor-column elementor-col-100 elementor-top-column elementor-element elementor-element-2de5cd6\" data-id=\"2de5cd6\" data-element_type=\"column\" data-e-type=\"column\">\n\t\t\t<div class=\"elementor-widget-wrap elementor-element-populated\">\n\t\t\t\t\t\t<div class=\"elementor-element elementor-element-ae1998d elementor-widget-divider--view-line elementor-widget elementor-widget-divider\" data-id=\"ae1998d\" data-element_type=\"widget\" data-e-type=\"widget\" data-widget_type=\"divider.default\">\n\t\t\t\t<div class=\"elementor-widget-container\">\n\t\t\t\t\t\t\t<div class=\"elementor-divider\">\n\t\t\t<span class=\"elementor-divider-separator\">\n\t\t\t\t\t\t<\/span>\n\t\t<\/div>\n\t\t\t\t\t\t<\/div>\n\t\t\t\t<\/div>\n\t\t\t\t<div class=\"elementor-element elementor-element-7feefe7 elementor-widget elementor-widget-text-editor\" data-id=\"7feefe7\" data-element_type=\"widget\" data-e-type=\"widget\" data-widget_type=\"text-editor.default\">\n\t\t\t\t<div class=\"elementor-widget-container\">\n\t\t\t\t\t\t\t\t\t<p>Apr\u00e8s l&rsquo;initiation vient la progression, \u00e0 notre sens elle dure toute une vie de pilote, notre souhait est de vous accompagner dans l&rsquo;acquisition des comp\u00e9tences qui vous permettront de voler en autonomie et en s\u00e9curit\u00e9.<\/p>\t\t\t\t\t\t\t\t<\/div>\n\t\t\t\t<\/div>\n\t\t\t\t<div class=\"elementor-element elementor-element-639ff36 elementor-widget elementor-widget-text-editor\" data-id=\"639ff36\" data-element_type=\"widget\" data-e-type=\"widget\" data-widget_type=\"text-editor.default\">\n\t\t\t\t<div class=\"elementor-widget-container\">\n\t\t\t\t\t\t\t\t\t<p>Chaque pilote est unique et aspire \u00e0 une pratique qui lui ressemble, toutefois les fondamentaux du pilotage, les bases th\u00e9oriques et l&rsquo;exp\u00e9rience accumul\u00e9e sont n\u00e9cessaires \u00e0 tous.<\/p><p>En progression nous vous proposons un fonctionnement individualis\u00e9 :<\/p><p>&#8211; groupe de 2 \u00e0 4 pilotes maximum<\/p><p>&#8211; utilisation d&rsquo;outils p\u00e9dagogiques vari\u00e9s tel que : mini-voile, biplace\u2026<\/p><p>&#8211; nous aborderons le pilotage progressivement, sans sortir du domaine de vol il y a un monde \u00e0 d\u00e9couvrir<\/p><p>\u00a0<\/p>\t\t\t\t\t\t\t\t<\/div>\n\t\t\t\t<\/div>\n\t\t\t\t\t<\/div>\n\t\t<\/div>\n\t\t\t\t\t<\/div>\n\t\t<\/section>\n\t\t\t\t<section class=\"elementor-section elementor-top-section elementor-element elementor-element-088571c elementor-section-boxed elementor-section-height-default elementor-section-height-default\" data-id=\"088571c\" data-element_type=\"section\" data-e-type=\"section\" data-settings=\"{&quot;background_background&quot;:&quot;classic&quot;}\">\n\t\t\t\t\t\t\t<div class=\"elementor-background-overlay\"><\/div>\n\t\t\t\t\t\t\t<div class=\"elementor-container elementor-column-gap-default\">\n\t\t\t\t\t<div class=\"elementor-column elementor-col-100 elementor-top-column elementor-element elementor-element-571aa98\" data-id=\"571aa98\" data-element_type=\"column\" data-e-type=\"column\">\n\t\t\t<div class=\"elementor-widget-wrap elementor-element-populated\">\n\t\t\t\t\t\t<div class=\"elementor-element elementor-element-ebb2d16 elementor-widget elementor-widget-heading\" data-id=\"ebb2d16\" data-element_type=\"widget\" data-e-type=\"widget\" data-widget_type=\"heading.default\">\n\t\t\t\t<div class=\"elementor-widget-container\">\n\t\t\t\t\t<h2 class=\"elementor-heading-title elementor-size-default\">SE PERFECTIONNER<\/h2>\t\t\t\t<\/div>\n\t\t\t\t<\/div>\n\t\t\t\t<div class=\"elementor-element elementor-element-b92f600 elementor-widget-divider--view-line elementor-widget elementor-widget-divider\" data-id=\"b92f600\" data-element_type=\"widget\" data-e-type=\"widget\" data-widget_type=\"divider.default\">\n\t\t\t\t<div class=\"elementor-widget-container\">\n\t\t\t\t\t\t\t<div class=\"elementor-divider\">\n\t\t\t<span class=\"elementor-divider-separator\">\n\t\t\t\t\t\t<\/span>\n\t\t<\/div>\n\t\t\t\t\t\t<\/div>\n\t\t\t\t<\/div>\n\t\t\t\t<div class=\"elementor-element elementor-element-1073948 elementor-widget elementor-widget-text-editor\" data-id=\"1073948\" data-element_type=\"widget\" data-e-type=\"widget\" data-widget_type=\"text-editor.default\">\n\t\t\t\t<div class=\"elementor-widget-container\">\n\t\t\t\t\t\t\t\t\tLe perfectionnement d&rsquo;un pilote peut passer par diff\u00e9rents axes, c&rsquo;est \u00e0 chacun de construire la progression qui lui convient en tenant compte :<br>\n<br>&#8211; de ses objectifs personnels\n<br>&#8211; de son niveau de comp\u00e9tences\n<br>&#8211; du temps dont il dispose\n\n<br>&#8211; de ses moyens financiers\n<br>\n<br>Nous intervenons dans diff\u00e9rents domaines comme :<br><br>&#8211; le pilotage<br>&#8211; les vols en conditions et sur sites vari\u00e9s<br>&#8211; les approfondissements th\u00e9oriques lors des s\u00e9ances p\u00e9dagogiques en \u00e9cole ou lors des sessions propos\u00e9es par le CDVL 22<br>&#8211; les formations f\u00e9d\u00e9rales organis\u00e9es par le CDVL 22 et la Ligue de Bretagne de vol Libre\t\t\t\t\t\t\t\t<\/div>\n\t\t\t\t<\/div>\n\t\t\t\t\t<\/div>\n\t\t<\/div>\n\t\t\t\t\t<\/div>\n\t\t<\/section>\n\t\t\t\t<section class=\"elementor-section elementor-top-section elementor-element elementor-element-45a4e57 elementor-section-boxed elementor-section-height-default elementor-section-height-default\" data-id=\"45a4e57\" data-element_type=\"section\" data-e-type=\"section\">\n\t\t\t\t\t\t<div class=\"elementor-container elementor-column-gap-default\">\n\t\t\t\t\t<div class=\"elementor-column elementor-col-100 elementor-top-column elementor-element elementor-element-f64303f\" data-id=\"f64303f\" data-element_type=\"column\" data-e-type=\"column\">\n\t\t\t<div class=\"elementor-widget-wrap elementor-element-populated\">\n\t\t\t\t\t\t<div class=\"elementor-element elementor-element-ead7f67 elementor-widget elementor-widget-heading\" data-id=\"ead7f67\" data-element_type=\"widget\" data-e-type=\"widget\" data-widget_type=\"heading.default\">\n\t\t\t\t<div class=\"elementor-widget-container\">\n\t\t\t\t\t<h2 class=\"elementor-heading-title elementor-size-default\">Tarifs<\/h2>\t\t\t\t<\/div>\n\t\t\t\t<\/div>\n\t\t\t\t<div class=\"elementor-element elementor-element-f94af68 elementor-widget-divider--view-line elementor-widget elementor-widget-divider\" data-id=\"f94af68\" data-element_type=\"widget\" data-e-type=\"widget\" data-widget_type=\"divider.default\">\n\t\t\t\t<div class=\"elementor-widget-container\">\n\t\t\t\t\t\t\t<div class=\"elementor-divider\">\n\t\t\t<span class=\"elementor-divider-separator\">\n\t\t\t\t\t\t<\/span>\n\t\t<\/div>\n\t\t\t\t\t\t<\/div>\n\t\t\t\t<\/div>\n\t\t\t\t<div class=\"elementor-element elementor-element-eabbb40 elementor-widget elementor-widget-text-editor\" data-id=\"eabbb40\" data-element_type=\"widget\" data-e-type=\"widget\" data-widget_type=\"text-editor.default\">\n\t\t\t\t<div class=\"elementor-widget-container\">\n\t\t\t\t\t\t\t\t\t<p>S\u00e9ance p\u00e9dagogique (3h): 150 \u20ac (avec mat\u00e9riel de l&rsquo;\u00e9cole)<\/p><p>Si nous ne faisons qu&rsquo;une s\u00e9ance incompl\u00e8te car la m\u00e9t\u00e9o n&rsquo;est pas avec nous : 80 \u20ac<\/p><p>Nous facturons les s\u00e9ances r\u00e9ellement effectu\u00e9es. Sur 5 jours du lundi au vendredi il est tr\u00e8s rare que nous ayons une m\u00e9t\u00e9o favorable tous les jours, donc le prix d&rsquo;un stage varie en fonction des s\u00e9ances r\u00e9alis\u00e9es.<\/p><p><strong>Si vous venez avec votre mat\u00e9riel :<\/strong><\/p><p>S\u00e9ance p\u00e9dagogique (3h) : 130 \u20ac<\/p><p>S\u00e9ance incompl\u00e8te ou biplace p\u00e9dagogique : 80 \u20ac<\/p><p>S\u00e9ance vol(s) encadr\u00e9(s) : 50 \u20ac<\/p><p>(Votre mat\u00e9riel doit \u00eatre homologu\u00e9, r\u00e9cent ou r\u00e9vis\u00e9, complet et accept\u00e9 par notre \u00e9quipe)<\/p>\t\t\t\t\t\t\t\t<\/div>\n\t\t\t\t<\/div>\n\t\t\t\t<div class=\"elementor-element elementor-element-a882f22 elementor-align-center elementor-widget elementor-widget-button\" data-id=\"a882f22\" data-element_type=\"widget\" data-e-type=\"widget\" data-widget_type=\"button.default\">\n\t\t\t\t<div class=\"elementor-widget-container\">\n\t\t\t\t\t\t\t\t\t<div class=\"elementor-button-wrapper\">\n\t\t\t\t\t<a class=\"elementor-button elementor-button-link elementor-size-sm\" href=\"https:\/\/www.ouestparapente.com\/index.php\/contact-2\/\">\n\t\t\t\t\t\t<span class=\"elementor-button-content-wrapper\">\n\t\t\t\t\t\t\t\t\t<span class=\"elementor-button-text\">Contactez-nous<\/span>\n\t\t\t\t\t<\/span>\n\t\t\t\t\t<\/a>\n\t\t\t\t<\/div>\n\t\t\t\t\t\t\t\t<\/div>\n\t\t\t\t<\/div>\n\t\t\t\t\t<\/div>\n\t\t<\/div>\n\t\t\t\t\t<\/div>\n\t\t<\/section>\n\t\t\t\t<\/div>\n\t\t","protected":false},"excerpt":{"rendered":"<p>Apprendre \u00e0 voler INITIATION\/PROGRESSION Vous souhaitez apprendre \u00e0 voler de vos propres ailes, nous sommes l\u00e0 pour vous accompagner dans votre formation. L&rsquo;initiation consiste en l&rsquo;apprentissage des gestes techniques de base et les notions th\u00e9oriques permettant d&rsquo;acc\u00e9der au vol et de revenir au sol. Nous avons choisi de travailler dans le confort pour la qualit\u00e9 [&hellip;]<\/p>\n","protected":false},"author":1,"featured_media":0,"parent":0,"menu_order":0,"comment_status":"closed","ping_status":"closed","template":"","meta":{"site-sidebar-layout":"no-sidebar","site-content-layout":"page-builder","ast-site-content-layout":"","site-content-style":"default","site-sidebar-style":"default","ast-global-header-display":"","ast-banner-title-visibility":"","ast-main-header-display":"","ast-hfb-above-header-display":"","ast-hfb-below-header-display":"","ast-hfb-mobile-header-display":"","site-post-title":"disabled","ast-breadcrumbs-content":"","ast-featured-img":"disabled","footer-sml-layout":"","theme-transparent-header-meta":"","adv-header-id-meta":"","stick-header-meta":"","header-above-stick-meta":"","header-main-stick-meta":"","header-below-stick-meta":"","astra-migrate-meta-layouts":"default","ast-page-background-enabled":"default","ast-page-background-meta":{"desktop":{"background-color":"","background-image":"","background-repeat":"repeat","background-position":"center center","background-size":"auto","background-attachment":"scroll","background-type":"","background-media":"","overlay-type":"","overlay-color":"","overlay-opacity":"","overlay-gradient":""},"tablet":{"background-color":"","background-image":"","background-repeat":"repeat","background-position":"center center","background-size":"auto","background-attachment":"scroll","background-type":"","background-media":"","overlay-type":"","overlay-color":"","overlay-opacity":"","overlay-gradient":""},"mobile":{"background-color":"","background-image":"","background-repeat":"repeat","background-position":"center center","background-size":"auto","background-attachment":"scroll","background-type":"","background-media":"","overlay-type":"","overlay-color":"","overlay-opacity":"","overlay-gradient":""}},"ast-content-background-meta":{"desktop":{"background-color":"var(--ast-global-color-5)","background-image":"","background-repeat":"repeat","background-position":"center center","background-size":"auto","background-attachment":"scroll","background-type":"","background-media":"","overlay-type":"","overlay-color":"","overlay-opacity":"","overlay-gradient":""},"tablet":{"background-color":"var(--ast-global-color-5)","background-image":"","background-repeat":"repeat","background-position":"center center","background-size":"auto","background-attachment":"scroll","background-type":"","background-media":"","overlay-type":"","overlay-color":"","overlay-opacity":"","overlay-gradient":""},"mobile":{"background-color":"var(--ast-global-color-5)","background-image":"","background-repeat":"repeat","background-position":"center center","background-size":"auto","background-attachment":"scroll","background-type":"","background-media":"","overlay-type":"","overlay-color":"","overlay-opacity":"","overlay-gradient":""}},"footnotes":""},"class_list":["post-2102","page","type-page","status-publish","hentry"],"_links":{"self":[{"href":"https:\/\/www.ouestparapente.com\/index.php\/wp-json\/wp\/v2\/pages\/2102","targetHints":{"allow":["GET"]}}],"collection":[{"href":"https:\/\/www.ouestparapente.com\/index.php\/wp-json\/wp\/v2\/pages"}],"about":[{"href":"https:\/\/www.ouestparapente.com\/index.php\/wp-json\/wp\/v2\/types\/page"}],"author":[{"embeddable":true,"href":"https:\/\/www.ouestparapente.com\/index.php\/wp-json\/wp\/v2\/users\/1"}],"replies":[{"embeddable":true,"href":"https:\/\/www.ouestparapente.com\/index.php\/wp-json\/wp\/v2\/comments?post=2102"}],"version-history":[{"count":52,"href":"https:\/\/www.ouestparapente.com\/index.php\/wp-json\/wp\/v2\/pages\/2102\/revisions"}],"predecessor-version":[{"id":2236,"href":"https:\/\/www.ouestparapente.com\/index.php\/wp-json\/wp\/v2\/pages\/2102\/revisions\/2236"}],"wp:attachment":[{"href":"https:\/\/www.ouestparapente.com\/index.php\/wp-json\/wp\/v2\/media?parent=2102"}],"curies":[{"name":"wp","href":"https:\/\/api.w.org\/{rel}","templated":true}]}}